{"id":5,"date":"2012-12-17T12:24:54","date_gmt":"2012-12-17T12:24:54","guid":{"rendered":"http:\/\/elegantia.inspirythemes.com\/?page_id=5"},"modified":"2016-06-09T20:48:54","modified_gmt":"2016-06-09T18:48:54","slug":"home","status":"publish","type":"page","link":"https:\/\/laclassecapanna.de\/","title":{"rendered":"Home"},"content":{"rendered":"<section class=\"page-head\"><h1><span>Herzlich Willkommen im La Classe Capanna<\/span><\/h1><\/section>\n<h4 style=\"text-align: center;\">Wir bieten exzellente italienische K\u00fcche f\u00fcr den\u00a0Gaumenschmaus ihrer Sinne!<\/h4>\n<h4 style=\"text-align: center;\">Ob Pasta, Fisch oder Fleisch &#8211; Im La Classe Capanna\u00a0werden Ihnen t\u00e4glich frische Gerichte aus unserem sorgf\u00e4ltig ausgew\u00e4hltem Sortiment serviert &#8211; \u00a0f\u00fcr echte Feinschmecker und Liebhaber der italienischen und kulinarischen K\u00fcche!<\/h4>\n","protected":false},"excerpt":{"rendered":"<p>Wir bieten exzellente italienische K\u00fcche f\u00fcr den\u00a0Gaumenschmaus ihrer Sinne! Ob Pasta, Fisch oder Fleisch &#8211; Im La Classe Capanna\u00a0werden Ihnen t\u00e4glich frische Gerichte aus unserem sorgf\u00e4ltig ausgew\u00e4hltem Sortiment serviert &#8211; \u00a0f\u00fcr echte Feinschmecker und Liebhaber der italienischen und kulinarischen K\u00fcche!<\/p>\n","protected":false},"author":1,"featured_media":0,"parent":0,"menu_order":0,"comment_status":"open","ping_status":"open","template":"template-home.php","meta":[],"_links":{"self":[{"href":"https:\/\/laclassecapanna.de\/index.php?rest_route=\/wp\/v2\/pages\/5"}],"collection":[{"href":"https:\/\/laclassecapanna.de\/index.php?rest_route=\/wp\/v2\/pages"}],"about":[{"href":"https:\/\/laclassecapanna.de\/index.php?rest_route=\/wp\/v2\/types\/page"}],"author":[{"embeddable":true,"href":"https:\/\/laclassecapanna.de\/index.php?rest_route=\/wp\/v2\/users\/1"}],"replies":[{"embeddable":true,"href":"https:\/\/laclassecapanna.de\/index.php?rest_route=%2Fwp%2Fv2%2Fcomments&post=5"}],"version-history":[{"count":10,"href":"https:\/\/laclassecapanna.de\/index.php?rest_route=\/wp\/v2\/pages\/5\/revisions"}],"predecessor-version":[{"id":846,"href":"https:\/\/laclassecapanna.de\/index.php?rest_route=\/wp\/v2\/pages\/5\/revisions\/846"}],"wp:attachment":[{"href":"https:\/\/laclassecapanna.de\/index.php?rest_route=%2Fwp%2Fv2%2Fmedia&parent=5"}],"curies":[{"name":"wp","href":"https:\/\/api.w.org\/{rel}","templated":true}]}}